{"id":44,"date":"2015-10-01T17:49:30","date_gmt":"2015-10-01T17:49:30","guid":{"rendered":"http:\/\/here.abennacional.org.br\/revista\/here\/?page_id=44"},"modified":"2023-03-27T23:09:28","modified_gmt":"2023-03-28T02:09:28","slug":"procedimentos-para-avaliacao-dos-manuscritos","status":"publish","type":"page","link":"https:\/\/here.abennacional.org.br\/?page_id=44","title":{"rendered":"Pol\u00edtica de avalia\u00e7\u00e3o de artigos"},"content":{"rendered":"\n<p class=\"has-text-align-justify\"><strong><\/strong>A revista recebe contribui\u00e7\u00f5es em fluxo cont\u00ednuo. Para qualquer se\u00e7\u00e3o, somente ser\u00e3o aceitos manuscritos encaminhados pelo&nbsp;sistema de submiss\u00e3o eletr\u00f4nica.<\/p>\n\n\n\n<p class=\"has-text-align-justify\"><p>A avalia\u00e7\u00e3o dos manuscritos tem duas dimens\u00f5es: uma administrativa e outra de editora\u00e7\u00e3o cient\u00edfica propriamente dita.<\/p><\/p>\n\n\n\n<p class=\"has-text-align-justify\"><p>Na <strong>tramita\u00e7\u00e3o administrativa<\/strong>, o manuscrito submetido \u00e9 verificado pela equipe editorial quanto ao atendimento \u00e0s normas.<\/p><\/p>\n\n\n\n<ul class=\"wp-block-list\">\n<li>Em caso negativo, o material \u00e9 devolvido para os autores para as adequa\u00e7\u00f5es e a submiss\u00e3o n\u00e3o \u00e9 completada.<\/li>\n\n\n\n<li>Em caso afirmativo, o manuscrito passa para avalia\u00e7\u00e3o para os editores cient\u00edficos, e inicia-se um processo de an\u00e1lise, para verifica\u00e7\u00e3o se o manuscrito atende ao escopo da revista e aos requisitos de uma produ\u00e7\u00e3o cient\u00edfica. Em caso negativo para um desses itens, o manuscrito \u00e9 recusado sumariamente.<\/li>\n<\/ul>\n\n\n\n<p class=\"has-text-align-justify\"><p><strong>Editora\u00e7\u00e3o cient\u00edfica<\/strong>: Caso seja julgado <strong>em conformidade<\/strong>, os editores cient\u00edficos delegam a avalia\u00e7\u00e3o do manuscrito por avaliadores <em>ad hoc<\/em> para emitirem parecer. A HERE adota o modelo de avalia\u00e7\u00e3o (<em>blind peer review)<\/em>, que \u00e9 constitu\u00eddo por dois ou mais \u00e1rbitros designados para realizar a revis\u00e3o do manuscrito com cegamento tanto dos autores em rela\u00e7\u00e3o aos avaliadores quando dos avaliadores em rela\u00e7\u00e3o aos autores.<\/p><\/p>\n\n\n\n<p class=\"has-text-align-justify\"><p>O parecer com base na avalia\u00e7\u00e3o pode ser: 1- Aceito; 2- Corre\u00e7\u00f5es menores; 3- Corre\u00e7\u00f5es maiores; 4- Ressubmeter; 5- Rejeitado; e 6- Submeter a outra revista (n\u00e3o atende ao escopo). Os pareceres emitidos pelos avaliadores s\u00e3o apreciados pelos editores associados e pela Editora-Chefe, que envia o parecer aos autores. Os autores necessitam atender aos prazos dados pela revista, sob o risco de ter o seu manuscrito arquivado.<\/p><\/p>\n\n\n\n<p class=\"has-text-align-justify\"><p><strong><em>Integridade cient\u00edfica, retrata\u00e7\u00e3o e corre\u00e7\u00e3o<\/em><\/strong><\/p><\/p>\n\n\n\n<p class=\"has-text-align-justify\"><p>A HERE segue o <a href=\"https:\/\/publicationethics.org\/files\/Code_of_conduct_for_journal_editors_Mar11.pdf\">C\u00f3digo de Conduta e Diretrizes de Melhores Pr\u00e1ticas para Editores de Jornais<\/a> e os <a href=\"https:\/\/publicationethics.org\/guidance\/Flowcharts\">fluxogramas do Committee on Publication Ethics (COPE)<\/a> para tomar as devidas condutas editoriais nos casos de pl\u00e1gio, autopl\u00e1gio, fabrica\u00e7\u00e3o de dados, publica\u00e7\u00e3o redundante, com conflitos de interesse n\u00e3o divulgados e eventuais cr\u00edticas p\u00f3s-publica\u00e7\u00e3o que podem levar a corre\u00e7\u00e3o ou retrata\u00e7\u00e3o. Tais pr\u00e1ticas podem ser identificados durante o processo de revis\u00e3o ou mesmo ap\u00f3s a publica\u00e7\u00e3o. Os autores devem atender \u00e0s normas de boa conduta e integridade cient\u00edfica prevista nestas diretrizes e os avaliadores <em>ad hoc<\/em> s\u00e3o orientados a manterem-se atentos a poss\u00edveis m\u00e1s condutas dos autores.<\/p><\/p>\n\n\n\n<p class=\"has-text-align-justify\"><p>A HERE exige o cumprimento das normas previstas nas resolu\u00e7\u00f5es do Conselho Nacional de Sa\u00fade (<a href=\"https:\/\/bvsms.saude.gov.br\/bvs\/saudelegis\/cns\/2013\/res0466_12_12_2012.html\">466\/2012<\/a>, <a href=\"http:\/\/conselho.saude.gov.br\/images\/comissoes\/conep\/documentos\/NORMAS-RESOLUCOES\/Resoluo_n_510_-_2016_-_Cincias_Humanas_e_Sociais.pdf\">510\/2016<\/a>, <a href=\"http:\/\/conselho.saude.gov.br\/images\/comissoes\/conep\/documentos\/NORMAS-RESOLUCOES\/Resoluo_n_580_-_2018_-__Pesquisas_Estratgicas_para_SUS.pdf\">580\/2018<\/a> e quaisquer outras que se apliquem) no tocante \u00e0s pesquisas envolvendo seres humanos realizadas no Brasil. Nos casos de pesquisas envolvendo seres humanos realizadas em outros pa\u00edses, a HERE exige o cumprimento das normas previstas na <a href=\"https:\/\/www.wma.net\/policies-post\/wma-declaration-of-helsinki-ethical-principles-for-medical-research-involving-human-subjects\/\">Declara\u00e7\u00e3o de Helsinki<\/a> ou equivalentes locais.<\/p><\/p>\n\n\n\n<p><strong>Conflitos de interesses<\/strong><\/p>\n\n\n\n<p class=\"has-text-align-justify\"><p>Todos os conflitos de interesses, caso existam, devem ser declarados na submiss\u00e3o do manuscrito e apresentados na <a href=\"https:\/\/here.abennacional.org.br\/wp-content\/uploads\/2022\/04\/TEMPLATE-1_Pagina_de_Titulo-HERE2022.docx\">p\u00e1gina de t\u00edtulo<\/a>. Fontes potenciais de conflito de interesse incluem, mas n\u00e3o est\u00e3o limitadas a: patentes, propriedade de a\u00e7\u00f5es de empresas envolvidas direta ou indiretamente na pesquisa, participa\u00e7\u00e3o em um conselho de administra\u00e7\u00e3o de uma empresa envolvida direta ou indiretamente na pesquisa, participa\u00e7\u00e3o em um conselho consultivo ou comit\u00ea de uma empresa envolvida direta ou indiretamente na pesquisa e consultoria ou recebimento de honor\u00e1rios de palestrante de uma empresa envolvida direta ou indiretamente na pesquisa. A exist\u00eancia de conflitos de interesses n\u00e3o impede a publica\u00e7\u00e3o, desde que sejam devidamente declarados.<\/p><\/p>\n","protected":false},"excerpt":{"rendered":"<p>A revista recebe contribui\u00e7\u00f5es em fluxo cont\u00ednuo. Para qualquer se\u00e7\u00e3o, somente ser\u00e3o aceitos manuscritos encaminhados pelo&nbsp;sistema de submiss\u00e3o eletr\u00f4nica. A avalia\u00e7\u00e3o dos manuscritos tem duas dimens\u00f5es: uma administrativa e outra de editora\u00e7\u00e3o cient\u00edfica propriamente dita&#8230;.<\/p>\n","protected":false},"author":1,"featured_media":461,"parent":38,"menu_order":6,"comment_status":"closed","ping_status":"closed","template":"","meta":{"_editorskit_title_hidden":false,"_editorskit_reading_time":2,"_editorskit_is_block_options_detached":false,"_editorskit_block_options_position":"{}","footnotes":""},"class_list":["post-44","page","type-page","status-publish","has-post-thumbnail","hentry"],"_links":{"self":[{"href":"https:\/\/here.abennacional.org.br\/index.php?rest_route=\/wp\/v2\/pages\/44"}],"collection":[{"href":"https:\/\/here.abennacional.org.br\/index.php?rest_route=\/wp\/v2\/pages"}],"about":[{"href":"https:\/\/here.abennacional.org.br\/index.php?rest_route=\/wp\/v2\/types\/page"}],"author":[{"embeddable":true,"href":"https:\/\/here.abennacional.org.br\/index.php?rest_route=\/wp\/v2\/users\/1"}],"replies":[{"embeddable":true,"href":"https:\/\/here.abennacional.org.br\/index.php?rest_route=%2Fwp%2Fv2%2Fcomments&post=44"}],"version-history":[{"count":14,"href":"https:\/\/here.abennacional.org.br\/index.php?rest_route=\/wp\/v2\/pages\/44\/revisions"}],"predecessor-version":[{"id":813,"href":"https:\/\/here.abennacional.org.br\/index.php?rest_route=\/wp\/v2\/pages\/44\/revisions\/813"}],"up":[{"embeddable":true,"href":"https:\/\/here.abennacional.org.br\/index.php?rest_route=\/wp\/v2\/pages\/38"}],"wp:featuredmedia":[{"embeddable":true,"href":"https:\/\/here.abennacional.org.br\/index.php?rest_route=\/wp\/v2\/media\/461"}],"wp:attachment":[{"href":"https:\/\/here.abennacional.org.br\/index.php?rest_route=%2Fwp%2Fv2%2Fmedia&parent=44"}],"curies":[{"name":"wp","href":"https:\/\/api.w.org\/{rel}","templated":true}]}}