{"id":40,"date":"2015-10-01T17:47:46","date_gmt":"2015-10-01T17:47:46","guid":{"rendered":"http:\/\/here.abennacional.org.br\/revista\/here\/?page_id=40"},"modified":"2023-03-27T22:55:49","modified_gmt":"2023-03-28T01:55:49","slug":"tipo-de-artigos","status":"publish","type":"page","link":"https:\/\/here.abennacional.org.br\/?page_id=40","title":{"rendered":"Categoria de Manuscritos"},"content":{"rendered":"\n<figure class=\"wp-block-image\"><a href=\"https:\/\/here.abennacional.org.br\/wp-content\/uploads\/2017\/03\/HERE_banner_2_site.gif\"><img loading=\"lazy\" decoding=\"async\" width=\"300\" height=\"101\" src=\"https:\/\/here.abennacional.org.br\/wp-content\/uploads\/2017\/03\/HERE_banner_2_site-300x101.gif\" alt=\"\" class=\"wp-image-507\"\/><\/a><\/figure>\n\n\n\n<p class=\"has-text-align-justify\"><strong>Artigo original<\/strong>: Pesquisas originais e in\u00e9ditas, desenvolvidas por meio da aplica\u00e7\u00e3o de m\u00e9todos cient\u00edficos de investiga\u00e7\u00e3o com \u00eanfase na abordagem hist\u00f3rica. Esta categoria limita-se a 20 p\u00e1ginas (excluindo o resumo, descritores, quadros, figuras e refer\u00eancias) e at\u00e9 o m\u00e1ximo de 06 autores. Casos excepcionais de maior n\u00famero de autores em estudos multic\u00eantricos, poder\u00e3o ser aprovados. Seguir as recomenda\u00e7\u00f5es de eventuais <a href=\"https:\/\/www.equator-network.org\/\">diretrizes de relat\u00f3rio da <em>Enhancing the QUAlity and Transparency Of health Research<\/em> (EQUATOR) <em>Network<\/em><\/a> que sejam aplic\u00e1veis \u00e9 obrigat\u00f3rio. Deve ter no m\u00e1ximo 50 refer\u00eancias.<\/p>\n\n\n\n<p class=\"has-text-align-justify\"><p><strong>Revis\u00e3o de literatura<\/strong>: Ser\u00e3o aceitas Revis\u00f5es Integrativas, Sistem\u00e1tica, de Escopo, e excepcionalmente narrativa. Compreende avalia\u00e7\u00e3o cr\u00edtica e s\u00edntese da literatura sobre temas relevantes e relacionados ao escopo da revista. Sua extens\u00e3o limita-se a <strong>20 p\u00e1ginas <\/strong>(excluindo o resumo, descritores, quadros, figuras e refer\u00eancias) e at\u00e9 o m\u00e1ximo de 06 autores. Casos excepcionais em estudos multic\u00eantricos, poder\u00e3o ser aprovados. Seguir as recomenda\u00e7\u00f5es de eventuais <a href=\"https:\/\/www.equator-network.org\/\">diretrizes de relat\u00f3rio da <em>Enhancing the QUAlity and Transparency Of health Research<\/em> (EQUATOR) <em>Network<\/em><\/a> que sejam aplic\u00e1veis \u00e9 obrigat\u00f3rio. N\u00e3o h\u00e1 n\u00famero m\u00ednimo de refer\u00eancias nesta categoria de manuscrito.<\/p><\/p>\n\n\n\n<p class=\"has-text-align-justify\"><p><strong>Biografia<\/strong>: Destina-se a publica\u00e7\u00e3o de hist\u00f3rias de vida de pessoas vivas ou n\u00e3o. Trata-se de estudos biogr\u00e1ficos de personalidades da enfermagem e da sa\u00fade que se destacam nos aspectos \u00e9tico, legal, profissional ou social e que tenham contribui\u00e7\u00f5es relevantes para a Hist\u00f3ria da Enfermagem, Sa\u00fade e Educa\u00e7\u00e3o. Esta categoria limita-se a 05 p\u00e1ginas (incluindo as refer\u00eancias) e a tr\u00eas (3) autores, exceto se estiver na categoria de artigos originais.<\/p><\/p>\n\n\n\n<p class=\"has-text-align-justify\"><p><strong>Debate historiogr\u00e1fico<\/strong>: Temas com foco na Hist\u00f3ria da Enfermagem, Sa\u00fade e Educa\u00e7\u00e3o ou da atualidade propostos pelo editor ou por colaboradores e debatidos por especialistas, que exp\u00f5em seus pontos de vista. Esta categoria limita-se a 15 p\u00e1ginas (incluindo as refer\u00eancias) e a tr\u00eas autores.<\/p><\/p>\n\n\n\n<p class=\"has-text-align-justify\"><p><strong>Ensaio anal\u00edtico<\/strong>: Trata-se de experimenta\u00e7\u00f5es nas aplica\u00e7\u00f5es de instrumentos de pesquisas\/matrizes de an\u00e1lise que visem ensaiar novos olhares anal\u00edticos sobre as fontes\/documentos hist\u00f3ricos para o campo da hist\u00f3ria com contribui\u00e7\u00f5es com foco na Hist\u00f3ria da Enfermagem, Sa\u00fade e Educa\u00e7\u00e3o. O texto deve limitar-se a dez (10) refer\u00eancias. Esta categoria limita-se a 15 p\u00e1ginas (incluindo refer\u00eancias, se houver) e a dois (2) autores.<\/p><\/p>\n\n\n\n<p class=\"has-text-align-justify\"><p><strong>Ensaio hist\u00f3rico reflexivo<\/strong>: Visam contribuir para Hist\u00f3ria da Enfermagem, Sa\u00fade e Educa\u00e7\u00e3o. Esta categoria limita-se a 15 p\u00e1ginas (incluindo as refer\u00eancias), 15 refer\u00eancias e a seis (6) autores.<\/p><\/p>\n\n\n\n<p class=\"has-text-align-justify\"><p><strong>Fontes\/documentos hist\u00f3ricos<\/strong>: O espa\u00e7o para publica\u00e7\u00e3o de fontes\/documentos hist\u00f3ricos &#8211; unit\u00e1rio ou em conjunto\/cole\u00e7\u00e3o com contribui\u00e7\u00f5es para a \u00e1rea de Hist\u00f3ria da Enfermagem, Sa\u00fade e Educa\u00e7\u00e3o. Esta categoria limita-se a 15 p\u00e1ginas (incluindo refer\u00eancias) e a tr\u00eas (3) autores.<\/p><\/p>\n\n\n\n<p class=\"has-text-align-justify\"><p><strong>Fac-s\u00edmile<\/strong>: O fac-s\u00edmile \u00e9 um espa\u00e7o para socializa\u00e7\u00e3o de fontes hist\u00f3ricas que contribu\u00edram e ainda contribuem para uma melhor compreens\u00e3o de v\u00e1rios aspectos observados na nossa sociedade, com diferentes reflexos nos dias atuais. Composto de duas partes assim constitu\u00eddas \u2013 a apresenta\u00e7\u00e3o (01) e o fac-s\u00edmile propriamente dito. Sua extens\u00e3o limita-se a 15 p\u00e1ginas.<\/p><\/p>\n\n\n\n<p class=\"has-text-align-justify\"><p><strong>Relato de experi\u00eancia<\/strong>: Trata-se de relatos ocorridos nos bastidores do desenvolvimento da investiga\u00e7\u00e3o com foco na Hist\u00f3ria da Enfermagem, Sa\u00fade e Educa\u00e7\u00e3o. Esta categoria limita-se a 15 p\u00e1ginas (manuscrito completo) e at\u00e9 6 autores.<\/p><\/p>\n\n\n\n<p class=\"has-text-align-justify\"><p><strong>Resenha<\/strong>: Espa\u00e7o que visa despertar o leitor para uma determinada obra, por meio de uma an\u00e1lise cr\u00edtica do conte\u00fado e contribui\u00e7\u00e3o do livro para a hist\u00f3ria da enfermagem e sa\u00fade. As resenhas devem ser feitas de obras com at\u00e9 2 anos de publica\u00e7\u00e3o. Esta categoria limita-se a quatro (4) p\u00e1ginas e a dois (2) autores. Cabe destacar que nesta se\u00e7\u00e3o a escrita pode ser livre de refer\u00eancias, entretanto ao apresent\u00e1-la limita-se a cinco (5) refer\u00eancias.<\/p><\/p>\n\n\n\n<p class=\"has-text-align-justify\"><p><strong><em>In memoriam<\/em><\/strong>: Esta categoria destina a homenagear uma personalidade falecida, que tenha contribu\u00eddo para na \u00e1rea de Hist\u00f3ria da Enfermagem, Sa\u00fade e Educa\u00e7\u00e3o no sentido de socializar com a comunidade acad\u00eamica o rito de passagem. Esta categoria limita-se a no m\u00e1ximo tr\u00eas p\u00e1ginas e dois (2) autores.<\/p><\/p>\n\n\n\n<p class=\"has-text-align-justify\"><p><strong>Entrevista<\/strong>: Espa\u00e7o destinado \u00e0 entrevista de autoridades, especialistas ou pesquisadores, a convite do Conselho Diretor da HERE. Sua extens\u00e3o limita-se a 05 p\u00e1ginas.<\/p><\/p>\n\n\n\n<p class=\"has-text-align-justify\"><p><strong>Carta ao editor<\/strong>: Esta categoria destina-se a correspond\u00eancia dirigida ao editor sobre manuscrito publicado na Revista. Limita-se a 02 p\u00e1ginas (manuscrito completo).<\/p><\/p>\n\n\n\n<p class=\"has-text-align-justify\"><p><strong>Resposta do autor<\/strong>: Categoria que permite aos autores responderem a questionamentos da carta ao editor. As respostas devem ser limitadas a 300 palavras e podendo ser inclu\u00eddo at\u00e9 3 refer\u00eancias. A autoria da resposta \u00e9 exclusivamente para o autor principal.<\/p><\/p>\n","protected":false},"excerpt":{"rendered":"<p>Artigo original: Pesquisas originais e in\u00e9ditas, desenvolvidas por meio da aplica\u00e7\u00e3o de m\u00e9todos cient\u00edficos de investiga\u00e7\u00e3o com \u00eanfase na abordagem hist\u00f3rica. Esta categoria limita-se a 20 p\u00e1ginas (excluindo o resumo, descritores, quadros, figuras e refer\u00eancias)&#8230;<\/p>\n","protected":false},"author":1,"featured_media":228,"parent":38,"menu_order":1,"comment_status":"closed","ping_status":"closed","template":"","meta":{"_editorskit_title_hidden":false,"_editorskit_reading_time":3,"_editorskit_is_block_options_detached":false,"_editorskit_block_options_position":"{}","footnotes":""},"class_list":["post-40","page","type-page","status-publish","has-post-thumbnail","hentry"],"_links":{"self":[{"href":"https:\/\/here.abennacional.org.br\/index.php?rest_route=\/wp\/v2\/pages\/40"}],"collection":[{"href":"https:\/\/here.abennacional.org.br\/index.php?rest_route=\/wp\/v2\/pages"}],"about":[{"href":"https:\/\/here.abennacional.org.br\/index.php?rest_route=\/wp\/v2\/types\/page"}],"author":[{"embeddable":true,"href":"https:\/\/here.abennacional.org.br\/index.php?rest_route=\/wp\/v2\/users\/1"}],"replies":[{"embeddable":true,"href":"https:\/\/here.abennacional.org.br\/index.php?rest_route=%2Fwp%2Fv2%2Fcomments&post=40"}],"version-history":[{"count":17,"href":"https:\/\/here.abennacional.org.br\/index.php?rest_route=\/wp\/v2\/pages\/40\/revisions"}],"predecessor-version":[{"id":809,"href":"https:\/\/here.abennacional.org.br\/index.php?rest_route=\/wp\/v2\/pages\/40\/revisions\/809"}],"up":[{"embeddable":true,"href":"https:\/\/here.abennacional.org.br\/index.php?rest_route=\/wp\/v2\/pages\/38"}],"wp:featuredmedia":[{"embeddable":true,"href":"https:\/\/here.abennacional.org.br\/index.php?rest_route=\/wp\/v2\/media\/228"}],"wp:attachment":[{"href":"https:\/\/here.abennacional.org.br\/index.php?rest_route=%2Fwp%2Fv2%2Fmedia&parent=40"}],"curies":[{"name":"wp","href":"https:\/\/api.w.org\/{rel}","templated":true}]}}