{"id":316,"date":"2015-10-16T18:19:07","date_gmt":"2015-10-16T18:19:07","guid":{"rendered":"http:\/\/here.abennacional.org.br\/revista\/here\/?page_id=316"},"modified":"2023-03-27T23:17:05","modified_gmt":"2023-03-28T02:17:05","slug":"submissao-do-manuscrito","status":"publish","type":"page","link":"https:\/\/here.abennacional.org.br\/?page_id=316","title":{"rendered":"Submiss\u00e3o"},"content":{"rendered":"\n<p>A submiss\u00e3o dos documentos para avalia\u00e7\u00e3o \u00e9 feita via <em>Open Journal System<\/em> no <a href=\"https:\/\/publicacoes.abennacional.org.br\/ojs\/index.php\/here\/submission\/wizard\">site de submiss\u00e3o<\/a>.<\/p>\n\n\n\n<p>Antes de iniciar a submiss\u00e3o, confirme se todos os documentos est\u00e3o de acordo com os modelos abaixo.<\/p>\n\n\n\n<div class=\"wp-block-file\"><a id=\"wp-block-file--media-2fcb558b-d748-4056-9e0c-32696f59400a\" href=\"https:\/\/here.abennacional.org.br\/wp-content\/uploads\/2023\/03\/TEMPLATE-1_Pagina_de_Titulo-HERE2022.docx\">Modelo \u2013 P\u00e1gina T\u00edtulo<\/a><a href=\"https:\/\/here.abennacional.org.br\/wp-content\/uploads\/2023\/03\/TEMPLATE-1_Pagina_de_Titulo-HERE2022.docx\" class=\"wp-block-file__button wp-element-button\" download aria-describedby=\"wp-block-file--media-2fcb558b-d748-4056-9e0c-32696f59400a\">Baixar<\/a><\/div>\n\n\n\n<div class=\"wp-block-file\"><a id=\"wp-block-file--media-bb47cc8e-aa00-49d0-b331-e81dd26a8d45\" href=\"https:\/\/here.abennacional.org.br\/wp-content\/uploads\/2023\/03\/TEMPLATE-2_Documento_Principal-HERE2022.docx\">Modelo \u2013 Documento Principal<\/a><a href=\"https:\/\/here.abennacional.org.br\/wp-content\/uploads\/2023\/03\/TEMPLATE-2_Documento_Principal-HERE2022.docx\" class=\"wp-block-file__button wp-element-button\" download aria-describedby=\"wp-block-file--media-bb47cc8e-aa00-49d0-b331-e81dd26a8d45\">Baixar<\/a><\/div>\n\n\n\n<div class=\"wp-block-file\"><a id=\"wp-block-file--media-cd0fd486-175d-46db-811d-d99f774f4822\" href=\"https:\/\/here.abennacional.org.br\/wp-content\/uploads\/2023\/03\/Documento_Unico_Declaracoes-HERE2022.docx\">Modelo \u2013- Declara\u00e7\u00e3o de responsabilidade, conflito de interesse e transfer\u00eancia de direitos autorais &#8211; DOCUMENTO \u00daNICO<\/a><a href=\"https:\/\/here.abennacional.org.br\/wp-content\/uploads\/2023\/03\/Documento_Unico_Declaracoes-HERE2022.docx\" class=\"wp-block-file__button wp-element-button\" download aria-describedby=\"wp-block-file--media-cd0fd486-175d-46db-811d-d99f774f4822\">Baixar<\/a><\/div>\n\n\n\n<p>Comprovante de pagamento de Taxa de Conformidade. Identifique o arquivo com o nome do pagador.<\/p>\n\n\n\n<p>Carta ao Editor, com indica\u00e7\u00e3o de at\u00e9 4 pareceristas na tem\u00e1tica;<\/p>\n\n\n\n<p>Comprovante de aprova\u00e7\u00e3o no Comit\u00ea de \u00c9tica se for o caso.<\/p>\n","protected":false},"excerpt":{"rendered":"<p>A submiss\u00e3o dos documentos para avalia\u00e7\u00e3o \u00e9 feita via Open Journal System no site de submiss\u00e3o. Antes de iniciar a submiss\u00e3o, confirme se todos os documentos est\u00e3o de acordo com os modelos abaixo. Modelo \u2013&#8230;<\/p>\n","protected":false},"author":1,"featured_media":462,"parent":38,"menu_order":5,"comment_status":"closed","ping_status":"closed","template":"","meta":{"_editorskit_title_hidden":false,"_editorskit_reading_time":1,"_editorskit_is_block_options_detached":false,"_editorskit_block_options_position":"{}","footnotes":""},"class_list":["post-316","page","type-page","status-publish","has-post-thumbnail","hentry"],"_links":{"self":[{"href":"https:\/\/here.abennacional.org.br\/index.php?rest_route=\/wp\/v2\/pages\/316"}],"collection":[{"href":"https:\/\/here.abennacional.org.br\/index.php?rest_route=\/wp\/v2\/pages"}],"about":[{"href":"https:\/\/here.abennacional.org.br\/index.php?rest_route=\/wp\/v2\/types\/page"}],"author":[{"embeddable":true,"href":"https:\/\/here.abennacional.org.br\/index.php?rest_route=\/wp\/v2\/users\/1"}],"replies":[{"embeddable":true,"href":"https:\/\/here.abennacional.org.br\/index.php?rest_route=%2Fwp%2Fv2%2Fcomments&post=316"}],"version-history":[{"count":6,"href":"https:\/\/here.abennacional.org.br\/index.php?rest_route=\/wp\/v2\/pages\/316\/revisions"}],"predecessor-version":[{"id":822,"href":"https:\/\/here.abennacional.org.br\/index.php?rest_route=\/wp\/v2\/pages\/316\/revisions\/822"}],"up":[{"embeddable":true,"href":"https:\/\/here.abennacional.org.br\/index.php?rest_route=\/wp\/v2\/pages\/38"}],"wp:featuredmedia":[{"embeddable":true,"href":"https:\/\/here.abennacional.org.br\/index.php?rest_route=\/wp\/v2\/media\/462"}],"wp:attachment":[{"href":"https:\/\/here.abennacional.org.br\/index.php?rest_route=%2Fwp%2Fv2%2Fmedia&parent=316"}],"curies":[{"name":"wp","href":"https:\/\/api.w.org\/{rel}","templated":true}]}}