{"id":314,"date":"2015-10-16T18:17:14","date_gmt":"2015-10-16T18:17:14","guid":{"rendered":"http:\/\/here.abennacional.org.br\/revista\/here\/?page_id=314"},"modified":"2023-04-22T13:39:21","modified_gmt":"2023-04-22T16:39:21","slug":"pagamento-de-taxas","status":"publish","type":"page","link":"https:\/\/here.abennacional.org.br\/?page_id=314","title":{"rendered":"Pagamento de Taxas"},"content":{"rendered":"\n<p class=\"has-text-align-justify\">No processo de submiss\u00e3o e pr\u00e9-an\u00e1lise do manuscrito, os autores devem anexar o comprovante da taxa de conformidade. Seu valor \u00e9 de R$ 100,00 (via <a href=\"https:\/\/www.paypal.com\/webapps\/hermes?token=02M13501XH9701643&amp;useraction=commit&amp;wpsFlowRedirectToXorouterSkipHermesStartTime=1675201197750&amp;mfid=1675201197549_f405777aecad9\">PayPal<\/a> ou <a href=\"https:\/\/sacola.pagseguro.uol.com.br\/1c37f78d-302c-401b-be91-38dddce159f5\">PagSeguro<\/a>) e o comprovante do pagamento deve conter o nome do pagante e a data do pagamento vis\u00edveis. N\u00e3o ser\u00e3o avaliados os manuscritos sem o comprovante de pagamento dessa taxa. A taxa de conformidade n\u00e3o \u00e9 devolvida caso o manuscrito n\u00e3o seja aceito para publica\u00e7\u00e3o. Sendo aceito para publica\u00e7\u00e3o, os autores do manuscrito dever\u00e3o pagar a taxa de publica\u00e7\u00e3o, no valor de R$ 500,00 (via <a href=\"https:\/\/www.paypal.com\/webapps\/hermes?token=17F52652G1530331D&amp;useraction=commit&amp;wpsFlowRedirectToXorouterSkipHermesStartTime=1675201270495&amp;mfid=1675201270354_f443224e984dd\">PayPal<\/a> ou <a href=\"https:\/\/sacola.pagseguro.uol.com.br\/e853bfc7-bafb-40c8-aa38-57ed641f9c50\">PagSeguro<\/a>).<\/p>\n\n\n\n<p>Em caso de errata por descuido dos autores, dever\u00e1 ser paga uma taxa de R$ 100,00.<\/p>\n\n\n\n<p>Para pagamentos institucionais, ou solicita\u00e7\u00e3o de Notas Fiscais e Recibos, entrar em contato com <a href=\"mailto:tesouraria@abennacional.org.br\">tesouraria@abennacional.org.br<\/a>.<\/p>\n\n\n\n<p><strong>Revis\u00e3o t\u00e9cnica de l\u00edngua portuguesa e tradu\u00e7\u00e3o dos resumos (ingl\u00eas e espanhol), e do manuscrito para o ingl\u00eas<\/strong><\/p>\n\n\n\n<p>Quando o artigo for aceito, o autor receber\u00e1 um e-mail do escrit\u00f3rio editorial (<a href=\"mailto:apoio.here@abennacional.org.br\">apoio.here@abennacional.org.br<\/a>) com instru\u00e7\u00f5es sobre:<\/p>\n\n\n\n<ul class=\"wp-block-list\">\n<li>Tradutores e revisores certificados pela HERE relacionados neste documento;<\/li>\n\n\n\n<li>Os documentos a serem enviados no <em>template<\/em> final (disponibilizado apenas pelo escrit\u00f3rio).<\/li>\n<\/ul>\n\n\n\n<p class=\"has-text-align-justify\">A devolutiva do manuscrito nas vers\u00f5es traduzidas, revisadas e certificadas bem como o comprovante de pagamento da taxa de editora\u00e7\u00e3o com o nome do pagante e data de pagamento vis\u00edveis, dever\u00e3o ser anexados via sistema OJS no prazo de at\u00e9 25 dias corridos. Este prazo n\u00e3o sendo atendido e\/ou a n\u00e3o conformidade com o modelo (<em>template<\/em> final enviado pelo escrit\u00f3rio), ocasionar\u00e1 o arquivamento do manuscrito.<\/p>\n\n\n\n<p class=\"has-text-align-justify\">Nesta oportunidade, verifique cuidadosamente o envio do manuscrito de acordo com o <em>template<\/em> final (nome dos autores, institui\u00e7\u00e3o, ORCID, ordem de autoria etc.).<\/p>\n","protected":false},"excerpt":{"rendered":"<p>No processo de submiss\u00e3o e pr\u00e9-an\u00e1lise do manuscrito, os autores devem anexar o comprovante da taxa de conformidade. Seu valor \u00e9 de R$ 100,00 (via PayPal ou PagSeguro) e o comprovante do pagamento deve conter&#8230;<\/p>\n","protected":false},"author":1,"featured_media":232,"parent":38,"menu_order":4,"comment_status":"closed","ping_status":"closed","template":"","meta":{"_editorskit_title_hidden":false,"_editorskit_reading_time":1,"_editorskit_is_block_options_detached":false,"_editorskit_block_options_position":"{}","footnotes":""},"class_list":["post-314","page","type-page","status-publish","has-post-thumbnail","hentry"],"_links":{"self":[{"href":"https:\/\/here.abennacional.org.br\/index.php?rest_route=\/wp\/v2\/pages\/314"}],"collection":[{"href":"https:\/\/here.abennacional.org.br\/index.php?rest_route=\/wp\/v2\/pages"}],"about":[{"href":"https:\/\/here.abennacional.org.br\/index.php?rest_route=\/wp\/v2\/types\/page"}],"author":[{"embeddable":true,"href":"https:\/\/here.abennacional.org.br\/index.php?rest_route=\/wp\/v2\/users\/1"}],"replies":[{"embeddable":true,"href":"https:\/\/here.abennacional.org.br\/index.php?rest_route=%2Fwp%2Fv2%2Fcomments&post=314"}],"version-history":[{"count":24,"href":"https:\/\/here.abennacional.org.br\/index.php?rest_route=\/wp\/v2\/pages\/314\/revisions"}],"predecessor-version":[{"id":855,"href":"https:\/\/here.abennacional.org.br\/index.php?rest_route=\/wp\/v2\/pages\/314\/revisions\/855"}],"up":[{"embeddable":true,"href":"https:\/\/here.abennacional.org.br\/index.php?rest_route=\/wp\/v2\/pages\/38"}],"wp:featuredmedia":[{"embeddable":true,"href":"https:\/\/here.abennacional.org.br\/index.php?rest_route=\/wp\/v2\/media\/232"}],"wp:attachment":[{"href":"https:\/\/here.abennacional.org.br\/index.php?rest_route=%2Fwp%2Fv2%2Fmedia&parent=314"}],"curies":[{"name":"wp","href":"https:\/\/api.w.org\/{rel}","templated":true}]}}