{"id":26,"date":"2015-10-01T17:41:48","date_gmt":"2015-10-01T17:41:48","guid":{"rendered":"http:\/\/here.abennacional.org.br\/revista\/here\/?page_id=26"},"modified":"2024-03-15T13:49:41","modified_gmt":"2024-03-15T16:49:41","slug":"corpo-editorial","status":"publish","type":"page","link":"https:\/\/here.abennacional.org.br\/?page_id=26","title":{"rendered":"Corpo Editorial"},"content":{"rendered":"<div class=\"wp-block-image\">\n<figure class=\"aligncenter\"><a href=\"https:\/\/here.abennacional.org.br\/wp-content\/uploads\/2017\/03\/HERE_banner_2_site.gif\"><img loading=\"lazy\" decoding=\"async\" width=\"300\" height=\"101\" src=\"https:\/\/here.abennacional.org.br\/wp-content\/uploads\/2017\/03\/HERE_banner_2_site-300x101.gif\" alt=\"\" class=\"wp-image-507\"\/><\/a><\/figure><\/div>\n\n\n<p><strong>ASSOCIA\u00c7\u00c3O BRASILEIRA DE ENFERMAGEM<\/strong><\/p>\n\n\n\n<p><strong>Presidente<\/strong><\/p>\n\n\n\n<p>Jacinta de Fatima Sena da Silva \u2013 Presidente da ABEn Nacional (Gest\u00e3o 2022-2025) <a href=\"mailto:presidente@abennacional.org.br\">presidente@abennacional.org.br<\/a><\/p>\n\n\n\n<p><strong>Diretora do Centro de Publica\u00e7\u00f5es e Comunica\u00e7\u00e3o Social<\/strong><\/p>\n\n\n\n<p>Erica Rosalba Mallmann Duarte<\/p>\n\n\n\n<p><a href=\"mailto:diretorapublicacao@abennacional.org.br\">diretorapublicacao@abennacional.org.br<\/a><\/p>\n\n\n\n<p><strong>HIST\u00d3RIA DA ENFERMAGEM REVISTA ELETR\u00d4NICA &#8211; HERE<\/strong><\/p>\n\n\n\n<p><strong>Editor-chefe<\/strong><\/p>\n\n\n\n<p>Deybson Borba de Almeida Universidade Federal da Bahia e Universidade Estadual de Feira de Santana, Brasil<\/p>\n\n\n\n<p>here@abennacional.org.br<\/p>\n\n\n\n<p><strong>Editores Cient\u00edficos<\/strong><\/p>\n\n\n\n<p>Maria Ang\u00e9lica de Almeida Peres &#8211; Universidade Federal do Rio de Janeiro, Brasil<\/p>\n\n\n\n<p>Maria Itayra Padilha &#8211; Universidade Federal de Santa Catarina, Brasil<\/p>\n\n\n\n<p><strong>Editores Associados<\/strong><\/p>\n\n\n\n<p>Maria Ligia dos Reis Bellaguarda \u2013 Universidade Federal de Santa Catarina, Brasil<\/p>\n\n\n\n<p>Rodrigo Nogueira da Silva \u2013 Secretaria Municipal de Sa\u00fade do Rio de Janeiro, Rio de Janeiro, Brasil<\/p>\n\n\n\n<p>Jaime Alonso Caravaca Morera &#8211; Universidad da Costa Rica, Costa Rica<\/p>\n\n\n\n<p>Sagr\u00e1rio Gomes Cantarino &#8211; Universidad Castilla de la Mancha, Espanha<\/p>\n\n\n\n<p><strong>Editoria de Comunica\u00e7\u00e3o Social e M\u00eddia<\/strong><\/p>\n\n\n\n<p>Priscilla Ingrid Gomes Miranda \u2013 Escola de Enfermagem Anna Nery\/Universidade Federal do Rio de Janeiro, Brasil.<\/p>\n\n\n\n<p>Magda&nbsp; Rosa da Silva \u2013 Universidade Federal de Santa Catarina, Brasil<\/p>\n\n\n\n<p>Lucas Galhardo dos Santos \u2013 Associa\u00e7\u00e3o Brasileira de Enfermagem, Brasil<\/p>\n\n\n\n<p><strong>Editora J\u00fanior<\/strong><\/p>\n\n\n\n<p>Nivia Vanessa Carneiro dos Santos &#8211; Universidade Federal da Bahia, Brasil.<\/p>\n\n\n\n<p><strong>Apoio t\u00e9cnico j\u00fanior<\/strong><\/p>\n\n\n\n<p>Denise Lima da Silva Brasileiro \u2013 Universidade Estadual de Feira de Santana, Brasil.<\/p>\n\n\n\n<p><strong>Assistente Editorial \/ Bibliotec\u00e1ria<\/strong><\/p>\n\n\n\n<p>Magdalena Jose Avena &#8211; CRB\/8-009663<\/p>\n\n\n\n<p><strong>Projeto gr\u00e1fico e diagrama\u00e7\u00e3o<\/strong><\/p>\n\n\n\n<p>Paulo Roberto Pinto \u2013 ARS Ventura<\/p>\n\n\n\n<p><strong>CONSELHO EDITORIAL<\/strong><\/p>\n\n\n\n<p><strong>Brasil<\/strong><\/p>\n\n\n\n<p>Andr\u00e9 de Faria Pereira Neto \u2013 Funda\u00e7\u00e3o Oswaldo Cruz, RJ<\/p>\n\n\n\n<p>Djailson Jos\u00e9 Delgado Carlos &#8211; Universidade Federal do Rio Grande do Norte, Hospital Universit\u00e1rio Onofre Lopes. Natal, RN<\/p>\n\n\n\n<p>Eliete Maria Silva \u2013 Universidade de Campinas, SP<\/p>\n\n\n\n<p>Fernanda Batista Oliveira Santos \u2013 Universidade Federal de Minas Gerais, MG<\/p>\n\n\n\n<p>Fernando Porto \u2013 Universidade Federal do Estado do Rio de Janeiro, RJ<\/p>\n\n\n\n<p>Gertrudes Teixeira Lopes \u2013 Universidade do Estado do Rio de Janeiro, RJ.<\/p>\n\n\n\n<p>Gilberto Tadeu Reis da Silva \u2013 Universidade Federal da Bahia, BA<\/p>\n\n\n\n<p>Ivone Evangelista Cabral\u2013 Universidade Federal do Rio de Janeiro, RJ<\/p>\n\n\n\n<p>Joana Maria Pedro \u2013 Universidade Federal de Santa Catarina, SC<\/p>\n\n\n\n<p>Joel Rolim Mancia \u2013 Universidade do Vale do Rio dos Sinos, RS<\/p>\n\n\n\n<p>La\u00eds de Miranda Crispim Costa \u2013 Universidade Federal de Alagoas, AL<\/p>\n\n\n\n<p>Luiz Ot\u00e1vio Ferreira &#8211; Funda\u00e7\u00e3o Oswaldo Cruz, Casa Oswaldo Cruz, RJ<\/p>\n\n\n\n<p>Maria Alves Barbosa \u2013 Universidade Federal de Goi\u00e1s, GO<\/p>\n\n\n\n<p>Maria J\u00e9sia Vieira \u2013 Universidade Federal de Sergipe, SE<\/p>\n\n\n\n<p>Pacita Geovana Gama de Sousa Aperibense \u2013 Universidade Federal do Rio de Janeiro, RJ<\/p>\n\n\n\n<p>Olga Rodrigues de Moraes Von Simsom \u2013 Universidade Estadual de Campinas, SP<\/p>\n\n\n\n<p>Regina Aparecida Garcia de Lima \u2013 Universidade de S\u00e3o Paulo, SP<\/p>\n\n\n\n<p>Regina Maria dos Santos \u2013 Universidade Federal de Alagoas, AL<\/p>\n\n\n\n<p>Roberta Costa \u2013 Universidade Federal de Santa Catarina, SC<\/p>\n\n\n\n<p>Sheila Saint Clair da Silva Teod\u00f3sio \u2013 Universidade Federal do Rio Grande do Norte, RN<\/p>\n\n\n\n<p>Tania Cristina Franco Santos \u2013 Universidade Federal do Rio de Janeiro, Rio de Janeiro, RJ<\/p>\n\n\n\n<p><strong>Outros Pa\u00edses<\/strong><\/p>\n\n\n\n<p>Aliete Cunha Oliveira &#8211; Escola Superior de Enfermagem de Coimbra,&nbsp; Coimbra, Portugal.<\/p>\n\n\n\n<p>Ana Luisa Velandia Mora \u2013 Universidade de Bogot\u00e1, Col\u00f4mbia<\/p>\n\n\n\n<p>Carmen Chamizo Vega \u2013 Universidad Oviedo \u2013 Espanha<\/p>\n\n\n\n<p>Geertje Boshma \u2013 The University of British Columbia, Canad\u00e1<\/p>\n\n\n\n<p>Lucila C\u00e1rdenas Becerril \u2013 Universidad Autonoma Del Estado del Estado de M\u00e9xico, M\u00e9xico<\/p>\n\n\n\n<p>Magdalena Santo Tom\u00e1s P\u00e9rez \u2013 Universidad de Valladolid, Espanha<\/p>\n\n\n\n<p>Mercedes Dios-Aguado \u2013 Servicio de Salud de Castilla-La Mancha, Toledo, Espanha<\/p>\n\n\n\n<p>Mildred Guarnizo-Tole \u2013 Universidad el Bosque, Bogot\u00e1, Colombia<\/p>\n\n\n\n<p>Patricia D\u00b4Antonio \u2013 University of Pennsylvania, Estados Unidos da Am\u00e9rica<\/p>\n\n\n\n<p>Paulo Queiroz \u2013 Escola Superior de Enfermagem de Coimbra \u2013 Coimbra \u2013 Portugal<\/p>\n\n\n\n<p>Sandra Beth Lewenson \u2013 University, Estados Unidos da Am\u00e9rica<\/p>\n\n\n\n<p>Sioban Nelson \u2013 University of Toronto, Canad\u00e1 Sylvia Rinker Lynchburg \u2013 Lynchburg College, Estados Unidos da Am\u00e9rica<\/p>\n","protected":false},"excerpt":{"rendered":"<p>ASSOCIA\u00c7\u00c3O BRASILEIRA DE ENFERMAGEM Presidente Jacinta de Fatima Sena da Silva \u2013 Presidente da ABEn Nacional (Gest\u00e3o 2022-2025) presidente@abennacional.org.br Diretora do Centro de Publica\u00e7\u00f5es e Comunica\u00e7\u00e3o Social Erica Rosalba Mallmann Duarte diretorapublicacao@abennacional.org.br HIST\u00d3RIA DA ENFERMAGEM&#8230;<\/p>\n","protected":false},"author":1,"featured_media":219,"parent":0,"menu_order":3,"comment_status":"closed","ping_status":"closed","template":"","meta":{"_editorskit_title_hidden":false,"_editorskit_reading_time":2,"_editorskit_is_block_options_detached":false,"_editorskit_block_options_position":"{}","footnotes":""},"class_list":["post-26","page","type-page","status-publish","has-post-thumbnail","hentry"],"_links":{"self":[{"href":"https:\/\/here.abennacional.org.br\/index.php?rest_route=\/wp\/v2\/pages\/26"}],"collection":[{"href":"https:\/\/here.abennacional.org.br\/index.php?rest_route=\/wp\/v2\/pages"}],"about":[{"href":"https:\/\/here.abennacional.org.br\/index.php?rest_route=\/wp\/v2\/types\/page"}],"author":[{"embeddable":true,"href":"https:\/\/here.abennacional.org.br\/index.php?rest_route=\/wp\/v2\/users\/1"}],"replies":[{"embeddable":true,"href":"https:\/\/here.abennacional.org.br\/index.php?rest_route=%2Fwp%2Fv2%2Fcomments&post=26"}],"version-history":[{"count":22,"href":"https:\/\/here.abennacional.org.br\/index.php?rest_route=\/wp\/v2\/pages\/26\/revisions"}],"predecessor-version":[{"id":920,"href":"https:\/\/here.abennacional.org.br\/index.php?rest_route=\/wp\/v2\/pages\/26\/revisions\/920"}],"wp:featuredmedia":[{"embeddable":true,"href":"https:\/\/here.abennacional.org.br\/index.php?rest_route=\/wp\/v2\/media\/219"}],"wp:attachment":[{"href":"https:\/\/here.abennacional.org.br\/index.php?rest_route=%2Fwp%2Fv2%2Fmedia&parent=26"}],"curies":[{"name":"wp","href":"https:\/\/api.w.org\/{rel}","templated":true}]}}