{"id":20,"date":"2015-10-01T17:39:16","date_gmt":"2015-10-01T17:39:16","guid":{"rendered":"http:\/\/here.abennacional.org.br\/revista\/here\/?page_id=20"},"modified":"2024-03-14T17:37:30","modified_gmt":"2024-03-14T20:37:30","slug":"sobre-nos","status":"publish","type":"page","link":"https:\/\/here.abennacional.org.br\/?page_id=20","title":{"rendered":"Sobre n\u00f3s"},"content":{"rendered":"\n<p><strong>Hist\u00f3ria da Enfermagem: Revista Eletr\u00f4nica (HERE), ISSN <\/strong>2176-7475 \u00e9 uma publica\u00e7\u00e3o de fluxo cont\u00ednuo da <strong>Associa\u00e7\u00e3o Brasileira de Enfermagem<\/strong> (ABEn Nacional). Sua miss\u00e3o \u00e9 disseminar o conhecimento em Hist\u00f3ria da Enfermagem, Sa\u00fade e Educa\u00e7\u00e3o, por meio da publica\u00e7\u00e3o de artigos que contribuam para a expans\u00e3o de referenciais te\u00f3ricos e metodol\u00f3gicos, de registros hist\u00f3ricos, de fontes de pesquisas hist\u00f3ricas e que propiciem a interlocu\u00e7\u00e3o entre pesquisadores e interessados na tem\u00e1tica do escopo da revista.<\/p>\n\n\n\n<p>Criada em 2009 pela ABEn Nacional no \u00e2mbito do F\u00f3rum Permanente de Pesquisadores de Hist\u00f3ria da Enfermagem. Atualmente, a HERE \u00e9 vinculada \u00e0 Diretoria de Publica\u00e7\u00f5es da ABEn Nacional e ao Departamento de Hist\u00f3ria da Enfermagem da ABEn. Iniciou com a periodicidade semestral em vers\u00e3o eletr\u00f4nica e acesso aberto.<\/p>\n\n\n\n<p>Aceita manuscritos em portugu\u00eas, ingl\u00eas e espanhol. A partir de 2024, ter\u00e1 a publica\u00e7\u00e3o em dois idiomas, sendo um deles, necessariamente em ingl\u00eas.<\/p>\n\n\n\n<p>Segue as diretrizes do <a href=\"https:\/\/publicationethics.org\/files\/Code_of_conduct_for_journal_editors_Mar11.pdf\">C\u00f3digo de Conduta e Diretrizes de Melhores Pr\u00e1ticas para Editores de Jornais do Committee on Publication Ethics (COPE)<\/a>, as diretrizes previstas em <a href=\"http:\/\/conselho.saude.gov.br\/normativas-conep?view=default\">resolu\u00e7\u00f5es e outros atos normativos da Comiss\u00e3o Nacional de \u00c9tica em Pesquisa (CONEP)<\/a> para pesquisas envolvendo seres humanos como participantes no Brasil e, no caso de pesquisa envolvendo seres humanos realizada em outros pa\u00edses, as diretrizes previstas na <a href=\"https:\/\/www.wma.net\/policies-post\/wma-declaration-of-helsinki-ethical-principles-for-medical-research-involving-human-subjects\/\">Declara\u00e7\u00e3o de Helsinki<\/a> e defende as iniciativas da <a href=\"https:\/\/www.equator-network.org\/\">Rede EQUATOR<\/a> destinadas ao aperfei\u00e7oamento da constru\u00e7\u00e3o de relat\u00f3rios de pesquisa.<\/p>\n\n\n\n<p><em>A HERE divulga trabalhos que abordam tem\u00e1ticas relativas \u00e0 hist\u00f3ria da sa\u00fade e enfermagem, cultura, filosofia da sa\u00fade e educa\u00e7\u00e3o em enfermagem na <\/em>perspectiva hist\u00f3rica, nas v\u00e1rias correntes te\u00f3rico metodol\u00f3gicas que tratam das pr\u00e1ticas de cuidado e de produ\u00e7\u00e3o do conhecimento em suas variadas dimens\u00f5es. Tamb\u00e9m veicula estudos na \u00e1rea de preserva\u00e7\u00e3o hist\u00f3rica e gest\u00e3o do patrim\u00f4nio cultural da sa\u00fade e da enfermagem.<\/p>\n\n\n\n<p>Publica artigos originais, revis\u00e3o de literatura, biografias, ensaios anal\u00edticos e hist\u00f3rico reflexivos, fontes e documentos hist\u00f3ricos, relatos de experi\u00eancia, <em>In memorian<\/em> e resenhas de livros de interesse da hist\u00f3a.<\/p>\n\n\n\n<p>A<strong>&nbsp;HERE<\/strong> adota o modelo de acesso aberto com licen\u00e7a <a href=\"https:\/\/creativecommons.org\/licenses\/by\/4.0\/deed.en\">Creative Commons do tipo Atribui\u00e7\u00e3o 4.0 Internacional (CC BY 4.0)<\/a> e, desse modo, \u00e9 permitido a qualquer pessoa ler ou fazer download, copiar e disseminar seu conte\u00fado para prop\u00f3sitos educacionais.<\/p>\n\n\n\n<p>A abreviatura de seu t\u00edtulo \u00e9 <strong>Hist Enferm Rev Eletron<\/strong>, que deve ser usada em bibliografias, notas de rodap\u00e9, legendas e refer\u00eancias bibliogr\u00e1ficas.<\/p>\n\n\n\n<p><strong>Divulga\u00e7\u00e3o<\/strong><\/p>\n\n\n\n<p>HERE dissemina seus artigos no Instagram, no Facebook, no Twitter e incentiva seus autores a divulgar seus artigos em suas redes pessoais e institucionais.<\/p>\n\n\n\n<p>Instagram: https:\/\/instagram.com\/revistahere<\/p>\n\n\n\n<p>Facebook: https:\/\/www.facebook.com\/revistahere<\/p>\n\n\n\n<p><strong>INDEXA\u00c7\u00c3O<\/strong><\/p>\n\n\n\n<p>A HERE \u00e9 indexada por:<\/p>\n\n\n\n<p><a href=\"https:\/\/lilacs.bvsalud.org\/periodicos-lilacs\/periodicos-indexados-na-lilacs\/\" class=\"ek-link\">LILACS &#8211; Literatura Latino-Americana e do Caribe em Ci\u00eancias da Sa\u00fade<\/a><br><a href=\"http:\/\/www.fundacionindex.com\/bibliometria\/bresumen.php?id=421\">CUIDEN &#8211; Index de Enfermer\u00eda en Espa\u00f1ol<\/a><br><a href=\"https:\/\/latindex.org\/latindex\/ficha\/8255\">LATINDEX &#8211; Sistema Regional de Informaci\u00f3n en L\u00ednea para Revistas Cient\u00edficas de Am\u00e9rica Latina, el Caribe, Espa\u00f1a y Portugal<\/a><br><a href=\"https:\/\/portal.issn.org\/resource\/ISSN\/2176-7475\">ROAD &#8211; Directory of Open Access Scholarly Resources<\/a><br><a href=\"https:\/\/wiki.bireme.org\/pt\/index.php\/Revistas_indexadas_na_BDENF\">BDENF &#8211; Base de Dados Nacionais da Enfermagem<\/a><br><a href=\"https:\/\/bvsenfermeria.bvsalud.org\/pt\/brasil\/\" target=\"_blank\" rel=\"noreferrer noopener\">BVS Enfermagem &#8211; Biblioteca Virtual em Sa\u00fade Enfermagem<\/a><br><a href=\"https:\/\/scholar.google.com.br\/citations?hl=pt-PT&amp;authuser=1&amp;user=1TvXbwEAAAAJ\">Google Scholar<\/a><\/p>\n\n\n\n<p>A HERE \u00e9 associada \u00e0&nbsp;<a href=\"https:\/\/www.abecbrasil.org.br\/novo\/\">Associa\u00e7\u00e3o Brasileira de Editores Cient\u00edficos (ABEC)<\/a>&nbsp;e membro da&nbsp;<a href=\"https:\/\/www.rededitenfermeria.com\/membros-miembros\">Rede Iberoamericana de Editora\u00e7\u00e3o Cient\u00edfica em Enfermagem (RED Edit)<\/a><\/p>\n\n\n\n<p>Siga a Here tamb\u00e9m nas redes sociais<\/p>\n\n\n\n<p><a href=\"https:\/\/instagram.com\/revistahere\">Instagram<\/a><br><a href=\"https:\/\/www.facebook.com\/revistahere\">Facebook<\/a><\/p>\n","protected":false},"excerpt":{"rendered":"<p>Hist\u00f3ria da Enfermagem: Revista Eletr\u00f4nica (HERE), ISSN 2176-7475 \u00e9 uma publica\u00e7\u00e3o de fluxo cont\u00ednuo da Associa\u00e7\u00e3o Brasileira de Enfermagem (ABEn Nacional). Sua miss\u00e3o \u00e9 disseminar o conhecimento em Hist\u00f3ria da Enfermagem, Sa\u00fade e Educa\u00e7\u00e3o, por&#8230;<\/p>\n","protected":false},"author":1,"featured_media":225,"parent":0,"menu_order":2,"comment_status":"closed","ping_status":"closed","template":"","meta":{"_editorskit_title_hidden":false,"_editorskit_reading_time":1,"_editorskit_is_block_options_detached":false,"_editorskit_block_options_position":"{}","footnotes":""},"class_list":["post-20","page","type-page","status-publish","has-post-thumbnail","hentry"],"_links":{"self":[{"href":"https:\/\/here.abennacional.org.br\/index.php?rest_route=\/wp\/v2\/pages\/20"}],"collection":[{"href":"https:\/\/here.abennacional.org.br\/index.php?rest_route=\/wp\/v2\/pages"}],"about":[{"href":"https:\/\/here.abennacional.org.br\/index.php?rest_route=\/wp\/v2\/types\/page"}],"author":[{"embeddable":true,"href":"https:\/\/here.abennacional.org.br\/index.php?rest_route=\/wp\/v2\/users\/1"}],"replies":[{"embeddable":true,"href":"https:\/\/here.abennacional.org.br\/index.php?rest_route=%2Fwp%2Fv2%2Fcomments&post=20"}],"version-history":[{"count":16,"href":"https:\/\/here.abennacional.org.br\/index.php?rest_route=\/wp\/v2\/pages\/20\/revisions"}],"predecessor-version":[{"id":919,"href":"https:\/\/here.abennacional.org.br\/index.php?rest_route=\/wp\/v2\/pages\/20\/revisions\/919"}],"wp:featuredmedia":[{"embeddable":true,"href":"https:\/\/here.abennacional.org.br\/index.php?rest_route=\/wp\/v2\/media\/225"}],"wp:attachment":[{"href":"https:\/\/here.abennacional.org.br\/index.php?rest_route=%2Fwp%2Fv2%2Fmedia&parent=20"}],"curies":[{"name":"wp","href":"https:\/\/api.w.org\/{rel}","templated":true}]}}